{"id":70,"date":"2021-01-14T15:56:06","date_gmt":"2021-01-14T15:56:06","guid":{"rendered":"http:\/\/s684662182.online.de\/?page_id=70"},"modified":"2023-11-27T13:32:57","modified_gmt":"2023-11-27T12:32:57","slug":"impressum","status":"publish","type":"page","link":"https:\/\/skalitzer33.de\/de\/impressum","title":{"rendered":"IMPRESSUM"},"content":{"rendered":"\t\t<div data-elementor-type=\"wp-page\" data-elementor-id=\"70\" class=\"elementor elementor-70\" data-elementor-post-type=\"page\">\n\t\t\t\t\t\t<section class=\"elementor-section elementor-top-section elementor-element elementor-element-4010ece elementor-section-boxed elementor-section-height-default elementor-section-height-default\" data-id=\"4010ece\" data-element_type=\"section\" data-e-type=\"section\">\n\t\t\t\t\t\t<div class=\"elementor-container elementor-column-gap-default\">\n\t\t\t\t\t<div class=\"elementor-column elementor-col-100 elementor-top-column elementor-element elementor-element-cdd232b\" data-id=\"cdd232b\" data-element_type=\"column\" data-e-type=\"column\">\n\t\t\t<div class=\"elementor-widget-wrap elementor-element-populated\">\n\t\t\t\t\t\t<div class=\"elementor-element elementor-element-8868aa9 elementor-widget elementor-widget-text-editor\" data-id=\"8868aa9\" data-element_type=\"widget\" data-e-type=\"widget\" data-widget_type=\"text-editor.default\">\n\t\t\t\t<div class=\"elementor-widget-container\">\n\t\t\t\t\t\t\t\t\t<div class=\"fusion-column-wrapper fusion-flex-justify-content-flex-start fusion-content-layout-column\"><div class=\"fusion-text fusion-text-1\"><p><strong>Anbieter<\/strong><br \/>skalitzer33 rent-a-desk\u00a0GmbH<\/p><p><strong>Anschrift<\/strong><br \/>Skalitzer Strasse 33<br \/>10999 Berlin-Germany<br \/>http:\/\/www.skalitzer33.de<\/p><p><strong>Kommunikation<\/strong><br \/>Tel.: +49 \u2013 30 \u2013 120 83 908<br \/>Fax: +49 \u2013 30 \u2013 517 36 554<br \/>E-Mail: mail(at)skalitzer33.de<\/p><p><strong>Sitz der Gesellschaft<br \/><\/strong>Amtsgericht Charlottenburg<br \/>eingetragen: HRB 162859 B<br \/>Gesch\u00e4ftsf\u00fchrer: Philipp Ghattas<\/p><p><strong>Finanzamt<\/strong><br \/>Finanzamt f\u00fcr K\u00f6rperschaften II<br \/>Steuernummer: 37\/054\/46616<\/p><p><strong>Gewerbeamt<\/strong><br \/>Bezirksamt Kreuzberg-Friedrichshain<br \/>Wirtschafts- und Ordnungsamt<br \/>Postfach 350701 \u2013 10965 Berlin<\/p><p><strong>Quellenangaben<br \/><\/strong>verwendete Bilder\u00a0by Jan Pyo (www.herrpyko.de)<\/p><\/div><\/div>\t\t\t\t\t\t\t\t<\/div>\n\t\t\t\t<\/div>\n\t\t\t\t\t<\/div>\n\t\t<\/div>\n\t\t\t\t\t<\/div>\n\t\t<\/section>\n\t\t\t\t<\/div>\n\t\t","protected":false},"excerpt":{"rendered":"<p>Anbieterskalitzer33 rent-a-desk\u00a0GmbH AnschriftSkalitzer Strasse 3310999 Berlin-Germanyhttp:\/\/www.skalitzer33.de KommunikationTel.: +49 \u2013 30 \u2013 120 83 908Fax: +49 \u2013 30 \u2013 517 36 554E-Mail: mail(at)skalitzer33.de Sitz der GesellschaftAmtsgericht Charlottenburgeingetragen: HRB 162859 BGesch\u00e4ftsf\u00fchrer: Philipp Ghattas FinanzamtFinanzamt f\u00fcr K\u00f6rperschaften IISteuernummer: 37\/054\/46616 GewerbeamtBezirksamt Kreuzberg-FriedrichshainWirtschafts- und OrdnungsamtPostfach 350701 \u2013 10965 Berlin Quellenangabenverwendete Bilder\u00a0by Jan Pyo (www.herrpyko.de)<\/p>\n","protected":false},"author":1,"featured_media":0,"parent":0,"menu_order":9,"comment_status":"closed","ping_status":"closed","template":"","meta":{"_monsterinsights_skip_tracking":false,"_monsterinsights_sitenote_active":false,"_monsterinsights_sitenote_note":"","_monsterinsights_sitenote_category":0,"footnotes":""},"class_list":["post-70","page","type-page","status-publish","hentry"],"jetpack_sharing_enabled":true,"_links":{"self":[{"href":"https:\/\/skalitzer33.de\/de\/wp-json\/wp\/v2\/pages\/70","targetHints":{"allow":["GET"]}}],"collection":[{"href":"https:\/\/skalitzer33.de\/de\/wp-json\/wp\/v2\/pages"}],"about":[{"href":"https:\/\/skalitzer33.de\/de\/wp-json\/wp\/v2\/types\/page"}],"author":[{"embeddable":true,"href":"https:\/\/skalitzer33.de\/de\/wp-json\/wp\/v2\/users\/1"}],"replies":[{"embeddable":true,"href":"https:\/\/skalitzer33.de\/de\/wp-json\/wp\/v2\/comments?post=70"}],"version-history":[{"count":14,"href":"https:\/\/skalitzer33.de\/de\/wp-json\/wp\/v2\/pages\/70\/revisions"}],"predecessor-version":[{"id":1087,"href":"https:\/\/skalitzer33.de\/de\/wp-json\/wp\/v2\/pages\/70\/revisions\/1087"}],"wp:attachment":[{"href":"https:\/\/skalitzer33.de\/de\/wp-json\/wp\/v2\/media?parent=70"}],"curies":[{"name":"wp","href":"https:\/\/api.w.org\/{rel}","templated":true}]}}