{"id":33,"date":"2021-01-13T11:17:17","date_gmt":"2021-01-13T11:17:17","guid":{"rendered":"http:\/\/s684662182.online.de\/?page_id=33"},"modified":"2024-10-01T16:23:01","modified_gmt":"2024-10-01T14:23:01","slug":"booking","status":"publish","type":"page","link":"https:\/\/skalitzer33.de\/de\/preise\/booking","title":{"rendered":"Booking"},"content":{"rendered":"\t\t<div data-elementor-type=\"wp-page\" data-elementor-id=\"33\" class=\"elementor elementor-33\" data-elementor-post-type=\"page\">\n\t\t\t\t\t\t<section class=\"elementor-section elementor-top-section elementor-element elementor-element-7e43bbf elementor-section-boxed elementor-section-height-default elementor-section-height-default\" data-id=\"7e43bbf\" data-element_type=\"section\" data-e-type=\"section\">\n\t\t\t\t\t\t<div class=\"elementor-container elementor-column-gap-default\">\n\t\t\t\t\t<div class=\"elementor-column elementor-col-100 elementor-top-column elementor-element elementor-element-8fb36af\" data-id=\"8fb36af\" data-element_type=\"column\" data-e-type=\"column\">\n\t\t\t<div class=\"elementor-widget-wrap elementor-element-populated\">\n\t\t\t\t\t\t<div class=\"elementor-element elementor-element-e37c3b1 elementor-widget elementor-widget-text-editor\" data-id=\"e37c3b1\" data-element_type=\"widget\" data-e-type=\"widget\" data-widget_type=\"text-editor.default\">\n\t\t\t\t<div class=\"elementor-widget-container\">\n\t\t\t\t\t\t\t\t\t<p>Willkommen in unserem Kreuzberger B\u00fcro &#8222;skalitzer33&#8220;- \u00a0Bei uns k\u00f6nnt ihr Arbeitspl\u00e4tze und Konferenzraum flexibel nutzen.\u00a0<\/p><p>Wir haben au\u00dfer den kleinen und gro\u00dfen Teamb\u00fcros, insgesamt sechs separate Pl\u00e4tze in einem gro\u00dfz\u00fcgigen B\u00fcro, die alle individuell gebucht werden k\u00f6nnen. Dabei sind sowohl kurzfristige als auch l\u00e4ngerfristige Buchungen m\u00f6glich, je nach Bedarf und Verf\u00fcgbarkeit.<\/p><p>Unser Desk Space ist so gestaltet, dass er sich perfekt an deine Arbeitsbed\u00fcrfnisse anpasst. Die Tische und St\u00fchle sind in der H\u00f6he verstellbar. Hier kannst du dich voll auf deine Aufgaben konzentrieren und produktiv arbeiten. In der skalitzer33 ist eine angenehme Atmosph\u00e4re, ruhig und pers\u00f6nlich.\u00a0<\/p><p>Dar\u00fcber hinaus bieten wir einen geschlossenen Konferenzraum, der perfekt f\u00fcr Meetings und Teams bis zu 8 Personen geeignet ist. Hier k\u00f6nnt ihr in einer angenehmen und professionellen Umgebung Besprechungen durchf\u00fchren oder diskrete Gespr\u00e4che f\u00fchren, wie zum Beispiel Bewerbungs- oder Mitarbeitergespr\u00e4che. Hier seid ihr ungest\u00f6rt.<\/p><p>Unser Ziel ist es, euch eine angenehme Arbeitsumgebung zu schaffen. Wir freuen uns darauf, dich bei uns zu begr\u00fc\u00dfen. Buche jetzt deinen Platz oder <a title=\"KONTAKT\" href=\"https:\/\/skalitzer33.de\/kontakt\" target=\"_blank\" rel=\"noopener\">kontaktiere uns f\u00fcr weitere Informationen.<\/a><\/p><div>\u00a0<\/div>\t\t\t\t\t\t\t\t<\/div>\n\t\t\t\t<\/div>\n\t\t\t\t<div class=\"elementor-element elementor-element-ee8f67a elementor-widget elementor-widget-button\" data-id=\"ee8f67a\" data-element_type=\"widget\" data-e-type=\"widget\" data-widget_type=\"button.default\">\n\t\t\t\t<div class=\"elementor-widget-container\">\n\t\t\t\t\t\t\t\t\t<div class=\"elementor-button-wrapper\">\n\t\t\t\t\t<a class=\"elementor-button elementor-button-link elementor-size-sm\" href=\"https:\/\/skalitzer33.de\/de\/preise\/booking\/zahlungsarten\" target=\"_blank\">\n\t\t\t\t\t\t<span class=\"elementor-button-content-wrapper\">\n\t\t\t\t\t\t\t\t\t<span class=\"elementor-button-text\">Hier buchen<\/span>\n\t\t\t\t\t<\/span>\n\t\t\t\t\t<\/a>\n\t\t\t\t<\/div>\n\t\t\t\t\t\t\t\t<\/div>\n\t\t\t\t<\/div>\n\t\t\t\t\t<\/div>\n\t\t<\/div>\n\t\t\t\t\t<\/div>\n\t\t<\/section>\n\t\t\t\t<section class=\"elementor-section elementor-top-section elementor-element elementor-element-b0be09 elementor-section-content-space-between elementor-section-boxed elementor-section-height-default elementor-section-height-default\" data-id=\"b0be09\" data-element_type=\"section\" data-e-type=\"section\">\n\t\t\t\t\t\t<div class=\"elementor-container elementor-column-gap-default\">\n\t\t\t\t\t<div class=\"elementor-column elementor-col-50 elementor-top-column elementor-element elementor-element-7d8e4c24\" data-id=\"7d8e4c24\" data-element_type=\"column\" data-e-type=\"column\">\n\t\t\t<div class=\"elementor-widget-wrap elementor-element-populated\">\n\t\t\t\t\t\t<div class=\"elementor-element elementor-element-19822e2f elementor-widget elementor-widget-text-editor\" data-id=\"19822e2f\" data-element_type=\"widget\" data-e-type=\"widget\" data-widget_type=\"text-editor.default\">\n\t\t\t\t<div class=\"elementor-widget-container\">\n\t\t\t\t\t\t\t\t\t<p><span style=\"color: var( --e-global-color-text ); font-family: var( --e-global-typography-text-font-family ), Sans-serif; font-size: 1rem;\">Desk Space | flex or fix<\/span><\/p><p><span style=\"color: var( --e-global-color-text ); font-family: var( --e-global-typography-text-font-family ), Sans-serif; font-size: 1rem;\">Wir bieten euch komfortable Arbeitspl\u00e4tze in einem Gro\u00dfraumb\u00fcro mit insgesamt 6 Pl\u00e4tzen. Jeder Schreibtisch steht f\u00fcr sich separat und bietet Stauraum und Platz f\u00fcr deine Sachen. 200 Mbit WiFi, Drucken, Faxen, Scannen steht euch zur freien Verf\u00fcgung. R\u00fcckzugsm\u00f6glichkeiten zum Telefonieren, Kaffemaschine, Mikrowelle und Couch sind ebenfalls vorhanden.<\/span><\/p><div class=\"content-module\"><div class=\"custom\">\u00a0<\/div><\/div>\t\t\t\t\t\t\t\t<\/div>\n\t\t\t\t<\/div>\n\t\t\t\t<div class=\"elementor-element elementor-element-8940136 elementor-widget elementor-widget-button\" data-id=\"8940136\" data-element_type=\"widget\" data-e-type=\"widget\" data-widget_type=\"button.default\">\n\t\t\t\t<div class=\"elementor-widget-container\">\n\t\t\t\t\t\t\t\t\t<div class=\"elementor-button-wrapper\">\n\t\t\t\t\t<a class=\"elementor-button elementor-button-link elementor-size-sm\" href=\"https:\/\/skalitzer33.de\/de\/preise\/booking\/zahlungsarten\" target=\"_blank\">\n\t\t\t\t\t\t<span class=\"elementor-button-content-wrapper\">\n\t\t\t\t\t\t\t\t\t<span class=\"elementor-button-text\">Hier buchen<\/span>\n\t\t\t\t\t<\/span>\n\t\t\t\t\t<\/a>\n\t\t\t\t<\/div>\n\t\t\t\t\t\t\t\t<\/div>\n\t\t\t\t<\/div>\n\t\t\t\t\t<\/div>\n\t\t<\/div>\n\t\t\t\t<div class=\"elementor-column elementor-col-50 elementor-top-column elementor-element elementor-element-68b777c\" data-id=\"68b777c\" data-element_type=\"column\" data-e-type=\"column\">\n\t\t\t<div class=\"elementor-widget-wrap elementor-element-populated\">\n\t\t\t\t\t\t<div class=\"elementor-element elementor-element-727a8b9 elementor-widget elementor-widget-text-editor\" data-id=\"727a8b9\" data-element_type=\"widget\" data-e-type=\"widget\" data-widget_type=\"text-editor.default\">\n\t\t\t\t<div class=\"elementor-widget-container\">\n\t\t\t\t\t\t\t\t\t<p><span style=\"color: var( --e-global-color-text ); font-family: var( --e-global-typography-text-font-family ), Sans-serif; font-size: 1rem;\">Meeting Space | flex\u00a0<\/span><\/p><p><span data-slate-fragment=\"JTVCJTdCJTIydHlwZSUyMiUzQSUyMnAlMjIlMkMlMjJpZCUyMiUzQSUyMnhhYzhiJTIyJTJDJTIyY2hpbGRyZW4lMjIlM0ElNUIlN0IlMjJ0ZXh0JTIyJTNBJTIyVW5zZXIlMjBNZWV0aW5ncmF1bSUyMGJpZXRldCUyMElobmVuJTIwZGllJTIwTSVDMyVCNmdsaWNoa2VpdCUyQyUyMHNpY2glMjBhdWYlMjBkYXMlMjBXZXNlbnRsaWNoZSUyMHp1JTIwa29uemVudHJpZXJlbi4lMjBJbiUyMGVpbmVyJTIwcnVoaWdlbiUyMEF0bW9zcGglQzMlQTRyZSUyMGslQzMlQjZubmVuJTIwU2llJTIwc2ljaCUyMGF1ZiUyMElocmUlMjBBcmJlaXQlMjBrb256ZW50cmllcmVuJTIwdW5kJTIwZW50c3Bhbm5lbi4lMjBEZXIlMjBSYXVtJTIwaGF0JTIwUGxhdHolMjBmJUMzJUJDciUyMDYlMjBQZXJzb25lbiUyMHVuZCUyMGlzdCUyMG1pdCUyMGVpbmVtJTIwRmxpcGNoYXJ0JTIwYXVzZ2VzdGF0dGV0LiUyMEthZmZlZSUyMGlzdCUyMGlua2x1c2l2ZS4lMjBEaWUlMjBBbmJpbmR1bmclMjBhbiUyMGRhcyUyMCVDMyVCNmZmZW50bGljaGUlMjBWZXJrZWhyc25ldHolMjBpc3QlMjBzZWhyJTIwZ3V0LiUyMCUyMiU3RCU1RCU3RCU1RA==\">Unser &#8222;Konfi&#8220; erlaubt sowohl f\u00fcr Kundengespr\u00e4che oder Teammeetings, sich auf das Wesentliche zu konzentrieren. In einer ruhigen Atmosph\u00e4re k\u00f6nnen Sie sich auf Ihre Arbeit konzentrieren und bleiben ungest\u00f6rt. Der Raum hat Platz f\u00fcr 6 Personen und ist mit Flipchart und Bildschirm ausgestattet. Kaffee ist inklusive. Kleine Snacks und Softdrinks haben wir hier, Restaurants oder Superm\u00e4rkte f\u00fcr die Mittagspause sind fu\u00dfl\u00e4ufig erreichbar.\u00a0<\/span><\/p><div class=\"content-module\"><div class=\"custom\">\u00a0<\/div><\/div>\t\t\t\t\t\t\t\t<\/div>\n\t\t\t\t<\/div>\n\t\t\t\t<div class=\"elementor-element elementor-element-bda046e elementor-widget elementor-widget-button\" data-id=\"bda046e\" data-element_type=\"widget\" data-e-type=\"widget\" data-widget_type=\"button.default\">\n\t\t\t\t<div class=\"elementor-widget-container\">\n\t\t\t\t\t\t\t\t\t<div class=\"elementor-button-wrapper\">\n\t\t\t\t\t<a class=\"elementor-button elementor-button-link elementor-size-sm\" href=\"https:\/\/skalitzer33.de\/de\/preise\/booking\/zahlungsarten\" target=\"_blank\">\n\t\t\t\t\t\t<span class=\"elementor-button-content-wrapper\">\n\t\t\t\t\t\t\t\t\t<span class=\"elementor-button-text\">Hier buchen<\/span>\n\t\t\t\t\t<\/span>\n\t\t\t\t\t<\/a>\n\t\t\t\t<\/div>\n\t\t\t\t\t\t\t\t<\/div>\n\t\t\t\t<\/div>\n\t\t\t\t\t<\/div>\n\t\t<\/div>\n\t\t\t\t\t<\/div>\n\t\t<\/section>\n\t\t\t\t<section class=\"elementor-section elementor-top-section elementor-element elementor-element-56b1e37 elementor-section-boxed elementor-section-height-default elementor-section-height-default\" data-id=\"56b1e37\" data-element_type=\"section\" data-e-type=\"section\">\n\t\t\t\t\t\t<div class=\"elementor-container elementor-column-gap-default\">\n\t\t\t\t\t<div class=\"elementor-column elementor-col-100 elementor-top-column elementor-element elementor-element-c54c372\" data-id=\"c54c372\" data-element_type=\"column\" data-e-type=\"column\">\n\t\t\t<div class=\"elementor-widget-wrap elementor-element-populated\">\n\t\t\t\t\t\t<div class=\"elementor-element elementor-element-e864328 elementor-widget elementor-widget-gallery\" data-id=\"e864328\" data-element_type=\"widget\" data-e-type=\"widget\" data-settings=\"{&quot;columns&quot;:8,&quot;aspect_ratio&quot;:&quot;1:1&quot;,&quot;overlay_title&quot;:&quot;description&quot;,&quot;lazyload&quot;:&quot;yes&quot;,&quot;gallery_layout&quot;:&quot;grid&quot;,&quot;columns_tablet&quot;:2,&quot;columns_mobile&quot;:1,&quot;gap&quot;:{&quot;unit&quot;:&quot;px&quot;,&quot;size&quot;:10,&quot;sizes&quot;:[]},&quot;gap_tablet&quot;:{&quot;unit&quot;:&quot;px&quot;,&quot;size&quot;:10,&quot;sizes&quot;:[]},&quot;gap_mobile&quot;:{&quot;unit&quot;:&quot;px&quot;,&quot;size&quot;:10,&quot;sizes&quot;:[]},&quot;overlay_background&quot;:&quot;yes&quot;,&quot;content_hover_animation&quot;:&quot;fade-in&quot;}\" data-widget_type=\"gallery.default\">\n\t\t\t\t<div class=\"elementor-widget-container\">\n\t\t\t\t\t\t\t<div class=\"elementor-gallery__container\">\n\t\t\t\t\t\t\t<div class=\"e-gallery-item elementor-gallery-item elementor-animated-content\" tabindex=\"0\">\n\t\t\t\t\t<div class=\"e-gallery-image elementor-gallery-item__image\" data-thumbnail=\"https:\/\/i0.wp.com\/skalitzer33.de\/wp-content\/uploads\/2022\/04\/Conference-Space-scaled.jpg?fit=300%2C175&amp;ssl=1\" data-width=\"300\" data-height=\"175\" aria-label=\"\" role=\"img\" ><\/div>\n\t\t\t\t\t\t\t\t\t\t\t<div class=\"elementor-gallery-item__overlay\"><\/div>\n\t\t\t\t\t\t\t\t\t\t\t\t\t\t\t<div class=\"elementor-gallery-item__content\">\n\t\t\t\t\t\t\t\t\t\t\t<\/div>\n\t\t\t\t\t\t\t\t\t<\/div>\n\t\t\t\t\t\t\t<div class=\"e-gallery-item elementor-gallery-item elementor-animated-content\" tabindex=\"0\">\n\t\t\t\t\t<div class=\"e-gallery-image elementor-gallery-item__image\" data-thumbnail=\"https:\/\/i0.wp.com\/skalitzer33.de\/wp-content\/uploads\/2022\/04\/K7A1865-scaled.jpg?fit=200%2C300&amp;ssl=1\" data-width=\"200\" data-height=\"300\" aria-label=\"\" role=\"img\" ><\/div>\n\t\t\t\t\t\t\t\t\t\t\t<div class=\"elementor-gallery-item__overlay\"><\/div>\n\t\t\t\t\t\t\t\t\t\t\t\t\t\t\t<div class=\"elementor-gallery-item__content\">\n\t\t\t\t\t\t\t\t\t\t\t<\/div>\n\t\t\t\t\t\t\t\t\t<\/div>\n\t\t\t\t\t\t\t<div class=\"e-gallery-item elementor-gallery-item elementor-animated-content\" tabindex=\"0\">\n\t\t\t\t\t<div class=\"e-gallery-image elementor-gallery-item__image\" data-thumbnail=\"https:\/\/i0.wp.com\/skalitzer33.de\/wp-content\/uploads\/2022\/04\/K7A1825-scaled.jpg?fit=300%2C200&amp;ssl=1\" data-width=\"300\" data-height=\"200\" aria-label=\"Arbeitspl\u00e4tze und Konferenzraum\" role=\"img\" ><\/div>\n\t\t\t\t\t\t\t\t\t\t\t<div class=\"elementor-gallery-item__overlay\"><\/div>\n\t\t\t\t\t\t\t\t\t\t\t\t\t\t\t<div class=\"elementor-gallery-item__content\">\n\t\t\t\t\t\t\t\t\t\t\t\t\t\t<div class=\"elementor-gallery-item__title\">\n\t\t\t\t\t\t\t\t\t\t\t\t\t\t\t\t\t\tgro\u00dfer coworking space Bereich mit 6 flexiblen Arbeitspl\u00e4tzen\t\t\t\t\t\t\t\t<\/div>\n\t\t\t\t\t\t\t\t\t\t\t\t<\/div>\n\t\t\t\t\t\t\t\t\t<\/div>\n\t\t\t\t\t\t\t<div class=\"e-gallery-item elementor-gallery-item elementor-animated-content\" tabindex=\"0\">\n\t\t\t\t\t<div class=\"e-gallery-image elementor-gallery-item__image\" data-thumbnail=\"https:\/\/i0.wp.com\/skalitzer33.de\/wp-content\/uploads\/2022\/04\/K7A1835-scaled.jpg?fit=300%2C200&amp;ssl=1\" data-width=\"300\" data-height=\"200\" aria-label=\"\" role=\"img\" ><\/div>\n\t\t\t\t\t\t\t\t\t\t\t<div class=\"elementor-gallery-item__overlay\"><\/div>\n\t\t\t\t\t\t\t\t\t\t\t\t\t\t\t<div class=\"elementor-gallery-item__content\">\n\t\t\t\t\t\t\t\t\t\t\t<\/div>\n\t\t\t\t\t\t\t\t\t<\/div>\n\t\t\t\t\t\t\t<div class=\"e-gallery-item elementor-gallery-item elementor-animated-content\" tabindex=\"0\">\n\t\t\t\t\t<div class=\"e-gallery-image elementor-gallery-item__image\" data-thumbnail=\"https:\/\/i0.wp.com\/skalitzer33.de\/wp-content\/uploads\/2022\/04\/20150202_100310000_iOS.jpg?fit=300%2C225&amp;ssl=1\" data-width=\"300\" data-height=\"225\" aria-label=\"\" role=\"img\" ><\/div>\n\t\t\t\t\t\t\t\t\t\t\t<div class=\"elementor-gallery-item__overlay\"><\/div>\n\t\t\t\t\t\t\t\t\t\t\t\t\t\t\t<div class=\"elementor-gallery-item__content\">\n\t\t\t\t\t\t\t\t\t\t\t<\/div>\n\t\t\t\t\t\t\t\t\t<\/div>\n\t\t\t\t\t\t\t<div class=\"e-gallery-item elementor-gallery-item elementor-animated-content\" tabindex=\"0\">\n\t\t\t\t\t<div class=\"e-gallery-image elementor-gallery-item__image\" data-thumbnail=\"https:\/\/i0.wp.com\/skalitzer33.de\/wp-content\/uploads\/2022\/04\/28606.5760x3840x0.jpg?fit=300%2C200&amp;ssl=1\" data-width=\"300\" data-height=\"200\" aria-label=\"\" role=\"img\" ><\/div>\n\t\t\t\t\t\t\t\t\t\t\t<div class=\"elementor-gallery-item__overlay\"><\/div>\n\t\t\t\t\t\t\t\t\t\t\t\t\t\t\t<div class=\"elementor-gallery-item__content\">\n\t\t\t\t\t\t\t\t\t\t\t<\/div>\n\t\t\t\t\t\t\t\t\t<\/div>\n\t\t\t\t\t\t\t<div class=\"e-gallery-item elementor-gallery-item elementor-animated-content\" tabindex=\"0\">\n\t\t\t\t\t<div class=\"e-gallery-image elementor-gallery-item__image\" data-thumbnail=\"https:\/\/i0.wp.com\/skalitzer33.de\/wp-content\/uploads\/2022\/04\/NewLocation3.jpg?fit=300%2C300&amp;ssl=1\" data-width=\"300\" data-height=\"300\" aria-label=\"\" role=\"img\" ><\/div>\n\t\t\t\t\t\t\t\t\t\t\t<div class=\"elementor-gallery-item__overlay\"><\/div>\n\t\t\t\t\t\t\t\t\t\t\t\t\t\t\t<div class=\"elementor-gallery-item__content\">\n\t\t\t\t\t\t\t\t\t\t\t<\/div>\n\t\t\t\t\t\t\t\t\t<\/div>\n\t\t\t\t\t\t\t<div class=\"e-gallery-item elementor-gallery-item elementor-animated-content\" tabindex=\"0\">\n\t\t\t\t\t<div class=\"e-gallery-image elementor-gallery-item__image\" data-thumbnail=\"https:\/\/i0.wp.com\/skalitzer33.de\/wp-content\/uploads\/2022\/04\/K7A1868-scaled.jpg?fit=300%2C200&amp;ssl=1\" data-width=\"300\" data-height=\"200\" aria-label=\"\" role=\"img\" ><\/div>\n\t\t\t\t\t\t\t\t\t\t\t<div class=\"elementor-gallery-item__overlay\"><\/div>\n\t\t\t\t\t\t\t\t\t\t\t\t\t\t\t<div class=\"elementor-gallery-item__content\">\n\t\t\t\t\t\t\t\t\t\t\t<\/div>\n\t\t\t\t\t\t\t\t\t<\/div>\n\t\t\t\t\t<\/div>\n\t\t\t\t\t<\/div>\n\t\t\t\t<\/div>\n\t\t\t\t\t<\/div>\n\t\t<\/div>\n\t\t\t\t\t<\/div>\n\t\t<\/section>\n\t\t\t\t<\/div>\n\t\t","protected":false},"excerpt":{"rendered":"<p>Willkommen in unserem Kreuzberger B\u00fcro &#8222;skalitzer33&#8220;- \u00a0Bei uns k\u00f6nnt ihr Arbeitspl\u00e4tze und Konferenzraum flexibel nutzen.\u00a0 Wir haben au\u00dfer den kleinen und gro\u00dfen Teamb\u00fcros, insgesamt sechs separate Pl\u00e4tze in einem gro\u00dfz\u00fcgigen B\u00fcro, die alle individuell gebucht werden k\u00f6nnen. Dabei sind sowohl kurzfristige als auch l\u00e4ngerfristige Buchungen m\u00f6glich, je nach Bedarf und Verf\u00fcgbarkeit. Unser Desk Space ist [&hellip;]<\/p>\n","protected":false},"author":1,"featured_media":0,"parent":10,"menu_order":0,"comment_status":"closed","ping_status":"closed","template":"","meta":{"_monsterinsights_skip_tracking":false,"_monsterinsights_sitenote_active":false,"_monsterinsights_sitenote_note":"","_monsterinsights_sitenote_category":0,"footnotes":""},"class_list":["post-33","page","type-page","status-publish","hentry"],"jetpack_sharing_enabled":true,"_links":{"self":[{"href":"https:\/\/skalitzer33.de\/de\/wp-json\/wp\/v2\/pages\/33","targetHints":{"allow":["GET"]}}],"collection":[{"href":"https:\/\/skalitzer33.de\/de\/wp-json\/wp\/v2\/pages"}],"about":[{"href":"https:\/\/skalitzer33.de\/de\/wp-json\/wp\/v2\/types\/page"}],"author":[{"embeddable":true,"href":"https:\/\/skalitzer33.de\/de\/wp-json\/wp\/v2\/users\/1"}],"replies":[{"embeddable":true,"href":"https:\/\/skalitzer33.de\/de\/wp-json\/wp\/v2\/comments?post=33"}],"version-history":[{"count":133,"href":"https:\/\/skalitzer33.de\/de\/wp-json\/wp\/v2\/pages\/33\/revisions"}],"predecessor-version":[{"id":1251,"href":"https:\/\/skalitzer33.de\/de\/wp-json\/wp\/v2\/pages\/33\/revisions\/1251"}],"up":[{"embeddable":true,"href":"https:\/\/skalitzer33.de\/de\/wp-json\/wp\/v2\/pages\/10"}],"wp:attachment":[{"href":"https:\/\/skalitzer33.de\/de\/wp-json\/wp\/v2\/media?parent=33"}],"curies":[{"name":"wp","href":"https:\/\/api.w.org\/{rel}","templated":true}]}}