{"id":1114,"date":"2023-11-27T21:19:39","date_gmt":"2023-11-27T20:19:39","guid":{"rendered":"https:\/\/skalitzer33.de\/?page_id=1114"},"modified":"2023-11-27T21:55:16","modified_gmt":"2023-11-27T20:55:16","slug":"service","status":"publish","type":"page","link":"https:\/\/skalitzer33.de\/de\/service","title":{"rendered":"SERVICE"},"content":{"rendered":"\t\t<div data-elementor-type=\"wp-page\" data-elementor-id=\"1114\" class=\"elementor elementor-1114\" data-elementor-post-type=\"page\">\n\t\t\t\t\t\t<section class=\"elementor-section elementor-top-section elementor-element elementor-element-163fab8 elementor-section-boxed elementor-section-height-default elementor-section-height-default\" data-id=\"163fab8\" data-element_type=\"section\" data-e-type=\"section\">\n\t\t\t\t\t\t<div class=\"elementor-container elementor-column-gap-default\">\n\t\t\t\t\t<div class=\"elementor-column elementor-col-100 elementor-top-column elementor-element elementor-element-efa2d30\" data-id=\"efa2d30\" data-element_type=\"column\" data-e-type=\"column\">\n\t\t\t<div class=\"elementor-widget-wrap elementor-element-populated\">\n\t\t\t\t\t\t<div class=\"elementor-element elementor-element-a4962b8 elementor-widget elementor-widget-text-editor\" data-id=\"a4962b8\" data-element_type=\"widget\" data-e-type=\"widget\" data-widget_type=\"text-editor.default\">\n\t\t\t\t<div class=\"elementor-widget-container\">\n\t\t\t\t\t\t\t\t\t<p>Suchst du nach einem voll ausgestatteten Arbeitsplatz, um sofort durchzustarten, ohne dabei dein Budget zu sprengen?<\/p><p>Brauchst du einen Ort f\u00fcr Kundentermine oder Meetings, m\u00f6chtest deine Ideen in einem privaten Rahmen pr\u00e4sentieren, ohne auf ein Caf\u00e9 zur\u00fcckzugreifen?<\/p><p>Sehnst du dich nach einem tempor\u00e4ren B\u00fcro im Herzen von Kreuzberg mit industriellem Charme in einem Gewerbehof, ohne langfristige Mietverpflichtungen?<\/p><p>M\u00f6chtest du in einer coolen Location arbeiten, die eine nette Atmosph\u00e4re bietet, um Gedanken mit anderen kreativen K\u00f6pfen auszutauschen, dabei aber stets flexibel zu bleiben?<\/p><p>Hast du ein Projekt, bist im Gr\u00fcndungsprozess oder ben\u00f6tigst vor\u00fcbergehend einen ungest\u00f6rten Arbeitsplatz?<\/p><p>Wir bieten die L\u00f6sung! Unsere R\u00e4ume befinden sich in einem Altberliner Gewerbehof, in einer ehemaligen Fabriketage mitten in Kreuzberg. Mit einer Deckenh\u00f6he von 4m, Backsteinw\u00e4nden und dem Charme eines Industrieflofts bieten wir dir den perfekten Raum f\u00fcr dein Projekt, deine Idee oder dein StartUp.<\/p><p>Du findest uns in der Skalitzer Strasse 33, zwischen \u201eKotti\u201c und \u201eG\u00f6rli\u201c, im ersten Gewerbehof Aufgang B, direkt am Anfang der Oranienstra\u00dfe und somit mitten im Kiez.<\/p><p>Unsere R\u00e4ume sind flexibel buchbar, gut erreichbar und k\u00f6nnten auch f\u00fcr dich inspirierend sein! Eine kleine Teek\u00fcche steht zur Verf\u00fcgung.<\/p><p>\u00dcberzeuge dich selbst, vereinbare einen Termin, komm vorbei und mach dir dein eigenes Bild. Wir freuen uns auf deine <a href=\"https:\/\/skalitzer33.de\/de\/kontakt\">Kontaktaufnahme<\/a>!<\/p>\t\t\t\t\t\t\t\t<\/div>\n\t\t\t\t<\/div>\n\t\t\t\t\t<\/div>\n\t\t<\/div>\n\t\t\t\t\t<\/div>\n\t\t<\/section>\n\t\t\t\t<section class=\"elementor-section elementor-top-section elementor-element elementor-element-e7ed435 elementor-section-boxed elementor-section-height-default elementor-section-height-default\" data-id=\"e7ed435\" data-element_type=\"section\" data-e-type=\"section\">\n\t\t\t\t\t\t<div class=\"elementor-container elementor-column-gap-default\">\n\t\t\t\t\t<div class=\"elementor-column elementor-col-33 elementor-top-column elementor-element elementor-element-44c402c\" data-id=\"44c402c\" data-element_type=\"column\" data-e-type=\"column\">\n\t\t\t<div class=\"elementor-widget-wrap elementor-element-populated\">\n\t\t\t\t\t\t<div class=\"elementor-element elementor-element-7476ff2 elementor-widget elementor-widget-heading\" data-id=\"7476ff2\" data-element_type=\"widget\" data-e-type=\"widget\" data-widget_type=\"heading.default\">\n\t\t\t\t<div class=\"elementor-widget-container\">\n\t\t\t\t\t<h2 class=\"elementor-heading-title elementor-size-default\">Desk Space<\/h2>\t\t\t\t<\/div>\n\t\t\t\t<\/div>\n\t\t\t\t<div class=\"elementor-element elementor-element-1aa0d44 elementor-widget elementor-widget-image\" data-id=\"1aa0d44\" data-element_type=\"widget\" data-e-type=\"widget\" data-widget_type=\"image.default\">\n\t\t\t\t<div class=\"elementor-widget-container\">\n\t\t\t\t\t\t\t\t\t\t\t\t\t\t\t<img fetchpriority=\"high\" decoding=\"async\" width=\"800\" height=\"350\" src=\"https:\/\/i0.wp.com\/skalitzer33.de\/wp-content\/uploads\/2021\/11\/IMG_8187_cut.jpg?fit=800%2C350&amp;ssl=1\" class=\"attachment-large size-large wp-image-156\" alt=\"\" srcset=\"https:\/\/i0.wp.com\/skalitzer33.de\/wp-content\/uploads\/2021\/11\/IMG_8187_cut.jpg?w=1024&amp;ssl=1 1024w, https:\/\/i0.wp.com\/skalitzer33.de\/wp-content\/uploads\/2021\/11\/IMG_8187_cut.jpg?resize=300%2C131&amp;ssl=1 300w, https:\/\/i0.wp.com\/skalitzer33.de\/wp-content\/uploads\/2021\/11\/IMG_8187_cut.jpg?resize=768%2C336&amp;ssl=1 768w, https:\/\/i0.wp.com\/skalitzer33.de\/wp-content\/uploads\/2021\/11\/IMG_8187_cut.jpg?resize=200%2C88&amp;ssl=1 200w, https:\/\/i0.wp.com\/skalitzer33.de\/wp-content\/uploads\/2021\/11\/IMG_8187_cut.jpg?resize=400%2C175&amp;ssl=1 400w, https:\/\/i0.wp.com\/skalitzer33.de\/wp-content\/uploads\/2021\/11\/IMG_8187_cut.jpg?resize=600%2C263&amp;ssl=1 600w, https:\/\/i0.wp.com\/skalitzer33.de\/wp-content\/uploads\/2021\/11\/IMG_8187_cut.jpg?resize=800%2C350&amp;ssl=1 800w\" sizes=\"(max-width: 800px) 100vw, 800px\" \/>\t\t\t\t\t\t\t\t\t\t\t\t\t\t\t<\/div>\n\t\t\t\t<\/div>\n\t\t\t\t<div class=\"elementor-element elementor-element-7b1bf48 elementor-widget elementor-widget-text-editor\" data-id=\"7b1bf48\" data-element_type=\"widget\" data-e-type=\"widget\" data-widget_type=\"text-editor.default\">\n\t\t\t\t<div class=\"elementor-widget-container\">\n\t\t\t\t\t\t\t\t\t<div class=\"elementor-element elementor-element-5e84b00 elementor-widget elementor-widget-text-editor\" data-id=\"5e84b00\" data-element_type=\"widget\" data-widget_type=\"text-editor.default\"><div class=\"elementor-widget-container\"><div class=\"fusion-text fusion-text-1\"><p>Du suchst einen <strong>Schreibtisch<\/strong>..<\/p><ul><li>flexibel buchbar<\/li><li>5-Tagesticket ab 70.- \u20ac<\/li><li>WiFi (200Mbits)<\/li><li>Drucken, Faxen, Scannen inklusive<\/li><li>Schreibtisch mit Stauraum<\/li><li>&gt;&gt;<\/li><\/ul><\/div><\/div><\/div>\t\t\t\t\t\t\t\t<\/div>\n\t\t\t\t<\/div>\n\t\t\t\t\t<\/div>\n\t\t<\/div>\n\t\t\t\t<div class=\"elementor-column elementor-col-33 elementor-top-column elementor-element elementor-element-4def50e\" data-id=\"4def50e\" data-element_type=\"column\" data-e-type=\"column\">\n\t\t\t<div class=\"elementor-widget-wrap elementor-element-populated\">\n\t\t\t\t\t\t<div class=\"elementor-element elementor-element-523eb32 elementor-widget elementor-widget-heading\" data-id=\"523eb32\" data-element_type=\"widget\" data-e-type=\"widget\" data-widget_type=\"heading.default\">\n\t\t\t\t<div class=\"elementor-widget-container\">\n\t\t\t\t\t<h2 class=\"elementor-heading-title elementor-size-default\">Meeting Space<\/h2>\t\t\t\t<\/div>\n\t\t\t\t<\/div>\n\t\t\t\t<div class=\"elementor-element elementor-element-77418ae elementor-widget elementor-widget-image\" data-id=\"77418ae\" data-element_type=\"widget\" data-e-type=\"widget\" data-widget_type=\"image.default\">\n\t\t\t\t<div class=\"elementor-widget-container\">\n\t\t\t\t\t\t\t\t\t\t\t\t\t\t\t<img decoding=\"async\" width=\"800\" height=\"350\" src=\"https:\/\/i0.wp.com\/skalitzer33.de\/wp-content\/uploads\/2021\/11\/IMG_8148_cut.jpg?fit=800%2C350&amp;ssl=1\" class=\"attachment-large size-large wp-image-153\" alt=\"\" srcset=\"https:\/\/i0.wp.com\/skalitzer33.de\/wp-content\/uploads\/2021\/11\/IMG_8148_cut.jpg?w=1024&amp;ssl=1 1024w, https:\/\/i0.wp.com\/skalitzer33.de\/wp-content\/uploads\/2021\/11\/IMG_8148_cut.jpg?resize=300%2C131&amp;ssl=1 300w, https:\/\/i0.wp.com\/skalitzer33.de\/wp-content\/uploads\/2021\/11\/IMG_8148_cut.jpg?resize=768%2C336&amp;ssl=1 768w, https:\/\/i0.wp.com\/skalitzer33.de\/wp-content\/uploads\/2021\/11\/IMG_8148_cut.jpg?resize=200%2C88&amp;ssl=1 200w, https:\/\/i0.wp.com\/skalitzer33.de\/wp-content\/uploads\/2021\/11\/IMG_8148_cut.jpg?resize=400%2C175&amp;ssl=1 400w, https:\/\/i0.wp.com\/skalitzer33.de\/wp-content\/uploads\/2021\/11\/IMG_8148_cut.jpg?resize=600%2C263&amp;ssl=1 600w, https:\/\/i0.wp.com\/skalitzer33.de\/wp-content\/uploads\/2021\/11\/IMG_8148_cut.jpg?resize=800%2C350&amp;ssl=1 800w\" sizes=\"(max-width: 800px) 100vw, 800px\" \/>\t\t\t\t\t\t\t\t\t\t\t\t\t\t\t<\/div>\n\t\t\t\t<\/div>\n\t\t\t\t<div class=\"elementor-element elementor-element-764b330 elementor-widget elementor-widget-text-editor\" data-id=\"764b330\" data-element_type=\"widget\" data-e-type=\"widget\" data-widget_type=\"text-editor.default\">\n\t\t\t\t<div class=\"elementor-widget-container\">\n\t\t\t\t\t\t\t\t\t<div class=\"elementor-element elementor-element-5e84b00 elementor-widget elementor-widget-text-editor\" data-id=\"5e84b00\" data-element_type=\"widget\" data-widget_type=\"text-editor.default\"><div class=\"elementor-widget-container\"><div class=\"fusion-text fusion-text-1\"><div class=\"elementor-element elementor-element-d622e55 elementor-widget elementor-widget-text-editor\" data-id=\"d622e55\" data-element_type=\"widget\" data-widget_type=\"text-editor.default\"><div class=\"elementor-widget-container\"><div class=\"fusion-text fusion-text-2\"><p>Du ben\u00f6tigst eine <strong>Konferenzraum<\/strong>..<\/p><ul><li>flexibel buchbar<\/li><li>ab 20.- \u20ac\/ Stunde<\/li><li>Beamer und Flipchart<\/li><li>Konferenztelefon<\/li><li>Cafe inklusive<\/li><li>&gt;&gt;<\/li><\/ul><\/div><\/div><\/div><\/div><\/div><\/div>\t\t\t\t\t\t\t\t<\/div>\n\t\t\t\t<\/div>\n\t\t\t\t\t<\/div>\n\t\t<\/div>\n\t\t\t\t<div class=\"elementor-column elementor-col-33 elementor-top-column elementor-element elementor-element-b7efe8a\" data-id=\"b7efe8a\" data-element_type=\"column\" data-e-type=\"column\">\n\t\t\t<div class=\"elementor-widget-wrap elementor-element-populated\">\n\t\t\t\t\t\t<div class=\"elementor-element elementor-element-d87ac0f elementor-widget elementor-widget-heading\" data-id=\"d87ac0f\" data-element_type=\"widget\" data-e-type=\"widget\" data-widget_type=\"heading.default\">\n\t\t\t\t<div class=\"elementor-widget-container\">\n\t\t\t\t\t<h2 class=\"elementor-heading-title elementor-size-default\">Office Space<\/h2>\t\t\t\t<\/div>\n\t\t\t\t<\/div>\n\t\t\t\t<div class=\"elementor-element elementor-element-eb10899 elementor-widget elementor-widget-image\" data-id=\"eb10899\" data-element_type=\"widget\" data-e-type=\"widget\" data-widget_type=\"image.default\">\n\t\t\t\t<div class=\"elementor-widget-container\">\n\t\t\t\t\t\t\t\t\t\t\t\t\t\t\t<img decoding=\"async\" width=\"800\" height=\"350\" src=\"https:\/\/i0.wp.com\/skalitzer33.de\/wp-content\/uploads\/2021\/11\/IMG_8004_cut.jpg?fit=800%2C350&amp;ssl=1\" class=\"attachment-large size-large wp-image-148\" alt=\"\" srcset=\"https:\/\/i0.wp.com\/skalitzer33.de\/wp-content\/uploads\/2021\/11\/IMG_8004_cut.jpg?w=1024&amp;ssl=1 1024w, https:\/\/i0.wp.com\/skalitzer33.de\/wp-content\/uploads\/2021\/11\/IMG_8004_cut.jpg?resize=300%2C131&amp;ssl=1 300w, https:\/\/i0.wp.com\/skalitzer33.de\/wp-content\/uploads\/2021\/11\/IMG_8004_cut.jpg?resize=768%2C336&amp;ssl=1 768w, https:\/\/i0.wp.com\/skalitzer33.de\/wp-content\/uploads\/2021\/11\/IMG_8004_cut.jpg?resize=200%2C88&amp;ssl=1 200w, https:\/\/i0.wp.com\/skalitzer33.de\/wp-content\/uploads\/2021\/11\/IMG_8004_cut.jpg?resize=400%2C175&amp;ssl=1 400w, https:\/\/i0.wp.com\/skalitzer33.de\/wp-content\/uploads\/2021\/11\/IMG_8004_cut.jpg?resize=600%2C263&amp;ssl=1 600w, https:\/\/i0.wp.com\/skalitzer33.de\/wp-content\/uploads\/2021\/11\/IMG_8004_cut.jpg?resize=800%2C350&amp;ssl=1 800w\" sizes=\"(max-width: 800px) 100vw, 800px\" \/>\t\t\t\t\t\t\t\t\t\t\t\t\t\t\t<\/div>\n\t\t\t\t<\/div>\n\t\t\t\t<div class=\"elementor-element elementor-element-9e0c446 elementor-widget elementor-widget-text-editor\" data-id=\"9e0c446\" data-element_type=\"widget\" data-e-type=\"widget\" data-widget_type=\"text-editor.default\">\n\t\t\t\t<div class=\"elementor-widget-container\">\n\t\t\t\t\t\t\t\t\t<div class=\"elementor-element elementor-element-5e84b00 elementor-widget elementor-widget-text-editor\" data-id=\"5e84b00\" data-element_type=\"widget\" data-widget_type=\"text-editor.default\"><div class=\"elementor-widget-container\"><div class=\"fusion-text fusion-text-1\"><div class=\"elementor-element elementor-element-df64f3e elementor-widget elementor-widget-text-editor\" data-id=\"df64f3e\" data-element_type=\"widget\" data-widget_type=\"text-editor.default\"><div class=\"elementor-widget-container\"><div class=\"fusion-text fusion-text-3\"><p>Du brauchst Platz f\u00fcr <strong>2-4 Personen<\/strong>..<\/p><ul><li>separate R\u00e4ume<\/li><li>B\u00fcropreis ab 400.- \u20ac<\/li><li>WiFi (200Mbits)<\/li><li>24\/7 Zugang<\/li><li>Konfi-Ticket inklusive<\/li><li>&gt;&gt;<\/li><\/ul><\/div><\/div><\/div><\/div><\/div><\/div>\t\t\t\t\t\t\t\t<\/div>\n\t\t\t\t<\/div>\n\t\t\t\t\t<\/div>\n\t\t<\/div>\n\t\t\t\t\t<\/div>\n\t\t<\/section>\n\t\t\t\t<section class=\"elementor-section elementor-top-section elementor-element elementor-element-a6fc1e3 elementor-section-height-min-height elementor-section-boxed elementor-section-height-default elementor-section-items-middle\" data-id=\"a6fc1e3\" data-element_type=\"section\" data-e-type=\"section\" data-settings=\"{&quot;background_background&quot;:&quot;classic&quot;}\">\n\t\t\t\t\t\t<div class=\"elementor-container elementor-column-gap-default\">\n\t\t\t\t\t<div class=\"elementor-column elementor-col-100 elementor-top-column elementor-element elementor-element-d145ade\" data-id=\"d145ade\" data-element_type=\"column\" data-e-type=\"column\">\n\t\t\t<div class=\"elementor-widget-wrap\">\n\t\t\t\t\t\t\t<\/div>\n\t\t<\/div>\n\t\t\t\t\t<\/div>\n\t\t<\/section>\n\t\t\t\t<section class=\"elementor-section elementor-top-section elementor-element elementor-element-cba48b8 elementor-section-boxed elementor-section-height-default elementor-section-height-default\" data-id=\"cba48b8\" data-element_type=\"section\" data-e-type=\"section\">\n\t\t\t\t\t\t<div class=\"elementor-container elementor-column-gap-default\">\n\t\t\t\t\t<div class=\"elementor-column elementor-col-33 elementor-top-column elementor-element elementor-element-7028d91\" data-id=\"7028d91\" data-element_type=\"column\" data-e-type=\"column\">\n\t\t\t<div class=\"elementor-widget-wrap elementor-element-populated\">\n\t\t\t\t\t\t<div class=\"elementor-element elementor-element-1ec0897 elementor-widget elementor-widget-heading\" data-id=\"1ec0897\" data-element_type=\"widget\" data-e-type=\"widget\" data-widget_type=\"heading.default\">\n\t\t\t\t<div class=\"elementor-widget-container\">\n\t\t\t\t\t<h2 class=\"elementor-heading-title elementor-size-default\">Pop-Up Space<\/h2>\t\t\t\t<\/div>\n\t\t\t\t<\/div>\n\t\t\t\t<div class=\"elementor-element elementor-element-3beac5f elementor-widget elementor-widget-image\" data-id=\"3beac5f\" data-element_type=\"widget\" data-e-type=\"widget\" data-widget_type=\"image.default\">\n\t\t\t\t<div class=\"elementor-widget-container\">\n\t\t\t\t\t\t\t\t\t\t\t\t\t\t\t<img loading=\"lazy\" decoding=\"async\" width=\"800\" height=\"350\" src=\"https:\/\/i0.wp.com\/skalitzer33.de\/wp-content\/uploads\/2021\/11\/IMG_8121_cut.jpg?fit=800%2C350&amp;ssl=1\" class=\"attachment-large size-large wp-image-152\" alt=\"\" srcset=\"https:\/\/i0.wp.com\/skalitzer33.de\/wp-content\/uploads\/2021\/11\/IMG_8121_cut.jpg?w=1024&amp;ssl=1 1024w, https:\/\/i0.wp.com\/skalitzer33.de\/wp-content\/uploads\/2021\/11\/IMG_8121_cut.jpg?resize=300%2C131&amp;ssl=1 300w, https:\/\/i0.wp.com\/skalitzer33.de\/wp-content\/uploads\/2021\/11\/IMG_8121_cut.jpg?resize=768%2C336&amp;ssl=1 768w, https:\/\/i0.wp.com\/skalitzer33.de\/wp-content\/uploads\/2021\/11\/IMG_8121_cut.jpg?resize=200%2C88&amp;ssl=1 200w, https:\/\/i0.wp.com\/skalitzer33.de\/wp-content\/uploads\/2021\/11\/IMG_8121_cut.jpg?resize=400%2C175&amp;ssl=1 400w, https:\/\/i0.wp.com\/skalitzer33.de\/wp-content\/uploads\/2021\/11\/IMG_8121_cut.jpg?resize=600%2C263&amp;ssl=1 600w, https:\/\/i0.wp.com\/skalitzer33.de\/wp-content\/uploads\/2021\/11\/IMG_8121_cut.jpg?resize=800%2C350&amp;ssl=1 800w\" sizes=\"(max-width: 800px) 100vw, 800px\" \/>\t\t\t\t\t\t\t\t\t\t\t\t\t\t\t<\/div>\n\t\t\t\t<\/div>\n\t\t\t\t<div class=\"elementor-element elementor-element-daebdc7 elementor-widget elementor-widget-text-editor\" data-id=\"daebdc7\" data-element_type=\"widget\" data-e-type=\"widget\" data-widget_type=\"text-editor.default\">\n\t\t\t\t<div class=\"elementor-widget-container\">\n\t\t\t\t\t\t\t\t\t<div class=\"elementor-element elementor-element-5e84b00 elementor-widget elementor-widget-text-editor\" data-id=\"5e84b00\" data-element_type=\"widget\" data-widget_type=\"text-editor.default\"><div class=\"elementor-widget-container\"><div class=\"fusion-text fusion-text-1\"><div class=\"fusion-text fusion-text-4\"><p>Du suchst ein <strong>Pop-Up Store..<\/strong><\/p><ul><li>flexibel buchbar<\/li><li>Tagespreis ab 500.- \u20ac<\/li><li>Showroom\/Loftspace 200m\u00b2 oder<\/li><li>Ladengesch\u00e4ft mit Fensterfront<\/li><li>optionales Equipment<\/li><li>&gt;&gt;<\/li><\/ul><\/div><\/div><\/div><\/div>\t\t\t\t\t\t\t\t<\/div>\n\t\t\t\t<\/div>\n\t\t\t\t\t<\/div>\n\t\t<\/div>\n\t\t\t\t<div class=\"elementor-column elementor-col-33 elementor-top-column elementor-element elementor-element-0dca311\" data-id=\"0dca311\" data-element_type=\"column\" data-e-type=\"column\">\n\t\t\t<div class=\"elementor-widget-wrap elementor-element-populated\">\n\t\t\t\t\t\t<div class=\"elementor-element elementor-element-eaa9153 elementor-widget elementor-widget-heading\" data-id=\"eaa9153\" data-element_type=\"widget\" data-e-type=\"widget\" data-widget_type=\"heading.default\">\n\t\t\t\t<div class=\"elementor-widget-container\">\n\t\t\t\t\t<h2 class=\"elementor-heading-title elementor-size-default\">Your Space<\/h2>\t\t\t\t<\/div>\n\t\t\t\t<\/div>\n\t\t\t\t<div class=\"elementor-element elementor-element-4a0a28e elementor-widget elementor-widget-image\" data-id=\"4a0a28e\" data-element_type=\"widget\" data-e-type=\"widget\" data-widget_type=\"image.default\">\n\t\t\t\t<div class=\"elementor-widget-container\">\n\t\t\t\t\t\t\t\t\t\t\t\t\t\t\t<img loading=\"lazy\" decoding=\"async\" width=\"800\" height=\"350\" src=\"https:\/\/i0.wp.com\/skalitzer33.de\/wp-content\/uploads\/2021\/11\/IMG_8000_cut.jpg?fit=800%2C350&amp;ssl=1\" class=\"attachment-large size-large wp-image-147\" alt=\"\" srcset=\"https:\/\/i0.wp.com\/skalitzer33.de\/wp-content\/uploads\/2021\/11\/IMG_8000_cut.jpg?w=1024&amp;ssl=1 1024w, https:\/\/i0.wp.com\/skalitzer33.de\/wp-content\/uploads\/2021\/11\/IMG_8000_cut.jpg?resize=300%2C131&amp;ssl=1 300w, https:\/\/i0.wp.com\/skalitzer33.de\/wp-content\/uploads\/2021\/11\/IMG_8000_cut.jpg?resize=768%2C336&amp;ssl=1 768w, https:\/\/i0.wp.com\/skalitzer33.de\/wp-content\/uploads\/2021\/11\/IMG_8000_cut.jpg?resize=200%2C88&amp;ssl=1 200w, https:\/\/i0.wp.com\/skalitzer33.de\/wp-content\/uploads\/2021\/11\/IMG_8000_cut.jpg?resize=400%2C175&amp;ssl=1 400w, https:\/\/i0.wp.com\/skalitzer33.de\/wp-content\/uploads\/2021\/11\/IMG_8000_cut.jpg?resize=600%2C263&amp;ssl=1 600w, https:\/\/i0.wp.com\/skalitzer33.de\/wp-content\/uploads\/2021\/11\/IMG_8000_cut.jpg?resize=800%2C350&amp;ssl=1 800w\" sizes=\"(max-width: 800px) 100vw, 800px\" \/>\t\t\t\t\t\t\t\t\t\t\t\t\t\t\t<\/div>\n\t\t\t\t<\/div>\n\t\t\t\t<div class=\"elementor-element elementor-element-3fc99ba elementor-widget elementor-widget-text-editor\" data-id=\"3fc99ba\" data-element_type=\"widget\" data-e-type=\"widget\" data-widget_type=\"text-editor.default\">\n\t\t\t\t<div class=\"elementor-widget-container\">\n\t\t\t\t\t\t\t\t\t<div class=\"elementor-element elementor-element-5e84b00 elementor-widget elementor-widget-text-editor\" data-id=\"5e84b00\" data-element_type=\"widget\" data-widget_type=\"text-editor.default\"><div class=\"elementor-widget-container\"><div class=\"fusion-text fusion-text-1\"><div class=\"fusion-text fusion-text-5\"><p>Platz f\u00fcr <strong>dein Projekt..<\/strong><\/p><ul><li>700 m\u00b2\u00a0Loftspace<\/li><li>mitten in Kreuzberg<\/li><li>tolle Atmosph\u00e4re<\/li><li>vorhandene Infrastruktur<\/li><li>optionales Equipment<\/li><li><strong><a href=\"https:\/\/www.skalitzer33.de\/index.php\/service\/further-space\">&gt;&gt;<\/a><\/strong><\/li><\/ul><\/div><\/div><\/div><\/div>\t\t\t\t\t\t\t\t<\/div>\n\t\t\t\t<\/div>\n\t\t\t\t\t<\/div>\n\t\t<\/div>\n\t\t\t\t<div class=\"elementor-column elementor-col-33 elementor-top-column elementor-element elementor-element-58079b9\" data-id=\"58079b9\" data-element_type=\"column\" data-e-type=\"column\">\n\t\t\t<div class=\"elementor-widget-wrap elementor-element-populated\">\n\t\t\t\t\t\t<div class=\"elementor-element elementor-element-7c595b7 elementor-widget elementor-widget-heading\" data-id=\"7c595b7\" data-element_type=\"widget\" data-e-type=\"widget\" data-widget_type=\"heading.default\">\n\t\t\t\t<div class=\"elementor-widget-container\">\n\t\t\t\t\t<h2 class=\"elementor-heading-title elementor-size-default\">Contact Space<\/h2>\t\t\t\t<\/div>\n\t\t\t\t<\/div>\n\t\t\t\t<div class=\"elementor-element elementor-element-519f5c7 elementor-widget elementor-widget-image\" data-id=\"519f5c7\" data-element_type=\"widget\" data-e-type=\"widget\" data-widget_type=\"image.default\">\n\t\t\t\t<div class=\"elementor-widget-container\">\n\t\t\t\t\t\t\t\t\t\t\t\t\t\t\t<img loading=\"lazy\" decoding=\"async\" width=\"800\" height=\"350\" src=\"https:\/\/i0.wp.com\/skalitzer33.de\/wp-content\/uploads\/2021\/11\/IMG_8099_cut.jpg?fit=800%2C350&amp;ssl=1\" class=\"attachment-large size-large wp-image-151\" alt=\"\" srcset=\"https:\/\/i0.wp.com\/skalitzer33.de\/wp-content\/uploads\/2021\/11\/IMG_8099_cut.jpg?w=1024&amp;ssl=1 1024w, https:\/\/i0.wp.com\/skalitzer33.de\/wp-content\/uploads\/2021\/11\/IMG_8099_cut.jpg?resize=300%2C131&amp;ssl=1 300w, https:\/\/i0.wp.com\/skalitzer33.de\/wp-content\/uploads\/2021\/11\/IMG_8099_cut.jpg?resize=768%2C336&amp;ssl=1 768w, https:\/\/i0.wp.com\/skalitzer33.de\/wp-content\/uploads\/2021\/11\/IMG_8099_cut.jpg?resize=200%2C88&amp;ssl=1 200w, https:\/\/i0.wp.com\/skalitzer33.de\/wp-content\/uploads\/2021\/11\/IMG_8099_cut.jpg?resize=400%2C175&amp;ssl=1 400w, https:\/\/i0.wp.com\/skalitzer33.de\/wp-content\/uploads\/2021\/11\/IMG_8099_cut.jpg?resize=600%2C263&amp;ssl=1 600w, https:\/\/i0.wp.com\/skalitzer33.de\/wp-content\/uploads\/2021\/11\/IMG_8099_cut.jpg?resize=800%2C350&amp;ssl=1 800w\" sizes=\"(max-width: 800px) 100vw, 800px\" \/>\t\t\t\t\t\t\t\t\t\t\t\t\t\t\t<\/div>\n\t\t\t\t<\/div>\n\t\t\t\t<div class=\"elementor-element elementor-element-999e7a1 elementor-widget elementor-widget-text-editor\" data-id=\"999e7a1\" data-element_type=\"widget\" data-e-type=\"widget\" data-widget_type=\"text-editor.default\">\n\t\t\t\t<div class=\"elementor-widget-container\">\n\t\t\t\t\t\t\t\t\t<div class=\"elementor-element elementor-element-5e84b00 elementor-widget elementor-widget-text-editor\" data-id=\"5e84b00\" data-element_type=\"widget\" data-widget_type=\"text-editor.default\"><div class=\"elementor-widget-container\"><div class=\"fusion-text fusion-text-1\"><div class=\"fusion-text fusion-text-6\"><p>Hier geht es zum <strong>Kontaktformular..<\/strong><\/p><ul><li><strong>&gt;&gt;<\/strong><\/li><\/ul><\/div><\/div><\/div><\/div>\t\t\t\t\t\t\t\t<\/div>\n\t\t\t\t<\/div>\n\t\t\t\t\t<\/div>\n\t\t<\/div>\n\t\t\t\t\t<\/div>\n\t\t<\/section>\n\t\t\t\t<\/div>\n\t\t","protected":false},"excerpt":{"rendered":"<p>Suchst du nach einem voll ausgestatteten Arbeitsplatz, um sofort durchzustarten, ohne dabei dein Budget zu sprengen? Brauchst du einen Ort f\u00fcr Kundentermine oder Meetings, m\u00f6chtest deine Ideen in einem privaten Rahmen pr\u00e4sentieren, ohne auf ein Caf\u00e9 zur\u00fcckzugreifen? Sehnst du dich nach einem tempor\u00e4ren B\u00fcro im Herzen von Kreuzberg mit industriellem Charme in einem Gewerbehof, ohne [&hellip;]<\/p>\n","protected":false},"author":1,"featured_media":0,"parent":0,"menu_order":1,"comment_status":"closed","ping_status":"closed","template":"","meta":{"_monsterinsights_skip_tracking":false,"_monsterinsights_sitenote_active":false,"_monsterinsights_sitenote_note":"","_monsterinsights_sitenote_category":0,"footnotes":""},"class_list":["post-1114","page","type-page","status-publish","hentry"],"jetpack_sharing_enabled":true,"_links":{"self":[{"href":"https:\/\/skalitzer33.de\/de\/wp-json\/wp\/v2\/pages\/1114","targetHints":{"allow":["GET"]}}],"collection":[{"href":"https:\/\/skalitzer33.de\/de\/wp-json\/wp\/v2\/pages"}],"about":[{"href":"https:\/\/skalitzer33.de\/de\/wp-json\/wp\/v2\/types\/page"}],"author":[{"embeddable":true,"href":"https:\/\/skalitzer33.de\/de\/wp-json\/wp\/v2\/users\/1"}],"replies":[{"embeddable":true,"href":"https:\/\/skalitzer33.de\/de\/wp-json\/wp\/v2\/comments?post=1114"}],"version-history":[{"count":18,"href":"https:\/\/skalitzer33.de\/de\/wp-json\/wp\/v2\/pages\/1114\/revisions"}],"predecessor-version":[{"id":1146,"href":"https:\/\/skalitzer33.de\/de\/wp-json\/wp\/v2\/pages\/1114\/revisions\/1146"}],"wp:attachment":[{"href":"https:\/\/skalitzer33.de\/de\/wp-json\/wp\/v2\/media?parent=1114"}],"curies":[{"name":"wp","href":"https:\/\/api.w.org\/{rel}","templated":true}]}}